{"id":492,"date":"2022-04-25T12:35:34","date_gmt":"2022-04-25T12:35:34","guid":{"rendered":"https:\/\/www.klimaalap.hu\/application\/"},"modified":"2024-05-07T08:30:17","modified_gmt":"2024-05-07T08:30:17","slug":"application","status":"publish","type":"page","link":"https:\/\/www.klimaalap.hu\/en\/application\/","title":{"rendered":"Application"},"content":{"rendered":"\n<div class=\"wp-block-columns is-layout-flex wp-container-core-columns-is-layout-9d6595d7 wp-block-columns-is-layout-flex\">\n<div class=\"wp-block-column is-layout-flow wp-block-column-is-layout-flow\">\n<p><strong>We would like to inform you that Blue Planet Venture Capital Funds become a minority owner of your company through the capital investment. The acquisition of the Blue Planet Venture Capital Funds will take place through a capital increase and the investment will be used for the development of the company.<\/strong><\/p>\n\n\n\n<p>The capital fund is looking for businesses taking actions in the following areas:<\/p>\n\n\n\n<p><\/p>\n\n\n\n<div style=\"height:10px\" aria-hidden=\"true\" class=\"wp-block-spacer show-on-lg\"><\/div>\n\n\n\n<p><\/p>\n\n\n\n<div class=\"wp-block-columns are-vertically-aligned-center is-layout-flex wp-container-core-columns-is-layout-9d6595d7 wp-block-columns-is-layout-flex\">\n<div class=\"wp-block-column is-vertically-aligned-center is-layout-flow wp-block-column-is-layout-flow\">\n<div class=\"wp-block-columns are-vertically-aligned-center is-layout-flex wp-container-core-columns-is-layout-9d6595d7 wp-block-columns-is-layout-flex\">\n<div class=\"wp-block-column is-vertically-aligned-center is-layout-flow wp-block-column-is-layout-flow\" style=\"flex-basis:10%\"><div class=\"wp-block-image aligncenter\">\n<figure class=\"size-full\"><img loading=\"lazy\" decoding=\"async\" width=\"60\" height=\"60\" src=\"https:\/\/www.klimaalap.hu\/wp-content\/uploads\/2022\/04\/i1-small-tp.png\" alt=\"\" class=\"wp-image-465\"\/><\/figure>\n<\/div><\/div>\n\n\n\n<div class=\"wp-block-column is-vertically-aligned-center is-layout-flow wp-block-column-is-layout-flow\" style=\"flex-basis:90%\">\n<p>Green energy: renewable resources and efficiency acceleration<\/p>\n<\/div>\n<\/div>\n\n\n\n<div class=\"wp-block-columns are-vertically-aligned-center is-layout-flex wp-container-core-columns-is-layout-9d6595d7 wp-block-columns-is-layout-flex\">\n<div class=\"wp-block-column is-vertically-aligned-center is-layout-flow wp-block-column-is-layout-flow\" style=\"flex-basis:10%\"><div class=\"wp-block-image aligncenter\">\n<figure class=\"size-full\"><img loading=\"lazy\" decoding=\"async\" width=\"60\" height=\"60\" src=\"https:\/\/www.klimaalap.hu\/wp-content\/uploads\/2022\/04\/i2-small-tp.png\" alt=\"\" class=\"wp-image-467\"\/><\/figure>\n<\/div><\/div>\n\n\n\n<div class=\"wp-block-column is-vertically-aligned-center is-layout-flow wp-block-column-is-layout-flow\" style=\"flex-basis:90%\">\n<p>Circular economy: cooling and circular solutions, efficiency acceleration, material development, composting<\/p>\n<\/div>\n<\/div>\n\n\n\n<div class=\"wp-block-columns are-vertically-aligned-center is-layout-flex wp-container-core-columns-is-layout-9d6595d7 wp-block-columns-is-layout-flex\">\n<div class=\"wp-block-column is-vertically-aligned-center is-layout-flow wp-block-column-is-layout-flow\" style=\"flex-basis:10%\"><div class=\"wp-block-image aligncenter\">\n<figure class=\"size-full\"><img loading=\"lazy\" decoding=\"async\" width=\"60\" height=\"60\" src=\"https:\/\/www.klimaalap.hu\/wp-content\/uploads\/2022\/04\/i3-small-tp.png\" alt=\"\" class=\"wp-image-466\"\/><\/figure>\n<\/div><\/div>\n\n\n\n<div class=\"wp-block-column is-vertically-aligned-center is-layout-flow wp-block-column-is-layout-flow\">\n<p>Smart cities: energy efficiency, clean energy, cooling, water supply, green roofs<\/p>\n<\/div>\n<\/div>\n\n\n\n<div class=\"wp-block-columns are-vertically-aligned-center is-layout-flex wp-container-core-columns-is-layout-9d6595d7 wp-block-columns-is-layout-flex\">\n<div class=\"wp-block-column is-vertically-aligned-center is-layout-flow wp-block-column-is-layout-flow\" style=\"flex-basis:10%\"><div class=\"wp-block-image aligncenter\">\n<figure class=\"size-full\"><img loading=\"lazy\" decoding=\"async\" width=\"60\" height=\"60\" src=\"https:\/\/www.klimaalap.hu\/wp-content\/uploads\/2022\/04\/i4-small-tp.png\" alt=\"\" class=\"wp-image-468\"\/><\/figure>\n<\/div><\/div>\n\n\n\n<div class=\"wp-block-column is-vertically-aligned-center is-layout-flow wp-block-column-is-layout-flow\" style=\"flex-basis:90%\">\n<p>Health care and education: family-planning, health reproduction, expanded education<\/p>\n<\/div>\n<\/div>\n\n\n\n<div class=\"wp-block-columns are-vertically-aligned-center is-layout-flex wp-container-core-columns-is-layout-9d6595d7 wp-block-columns-is-layout-flex\">\n<div class=\"wp-block-column is-vertically-aligned-center is-layout-flow wp-block-column-is-layout-flow\" style=\"flex-basis:10%\"><div class=\"wp-block-image aligncenter\">\n<figure class=\"size-full\"><img loading=\"lazy\" decoding=\"async\" width=\"60\" height=\"60\" src=\"https:\/\/www.klimaalap.hu\/wp-content\/uploads\/2022\/04\/i5-small-tp.png\" alt=\"\" class=\"wp-image-469\"\/><\/figure>\n<\/div><\/div>\n\n\n\n<div class=\"wp-block-column is-vertically-aligned-center is-layout-flow wp-block-column-is-layout-flow\" style=\"flex-basis:90%\">\n<p>Climate friendly agriculture and food: waste reduction, vegetable-focused consumption<\/p>\n<\/div>\n<\/div>\n\n\n\n<div class=\"wp-block-columns are-vertically-aligned-center is-layout-flex wp-container-core-columns-is-layout-9d6595d7 wp-block-columns-is-layout-flex\">\n<div class=\"wp-block-column is-vertically-aligned-center is-layout-flow wp-block-column-is-layout-flow\" style=\"flex-basis:10%\"><div class=\"wp-block-image aligncenter\">\n<figure class=\"size-full\"><img loading=\"lazy\" decoding=\"async\" width=\"60\" height=\"60\" src=\"https:\/\/www.klimaalap.hu\/wp-content\/uploads\/2022\/04\/i6-small-tp.png\" alt=\"\" class=\"wp-image-470\"\/><\/figure>\n<\/div><\/div>\n\n\n\n<div class=\"wp-block-column is-vertically-aligned-center is-layout-flow wp-block-column-is-layout-flow\" style=\"flex-basis:90%\">\n<p>Green transportation: compact cities, active transportation, electro-mobility<\/p>\n<\/div>\n<\/div>\n\n\n\n<div class=\"wp-block-columns are-vertically-aligned-center is-layout-flex wp-container-core-columns-is-layout-9d6595d7 wp-block-columns-is-layout-flex\">\n<div class=\"wp-block-column is-vertically-aligned-center is-layout-flow wp-block-column-is-layout-flow\" style=\"flex-basis:10%\"><div class=\"wp-block-image aligncenter\">\n<figure class=\"size-full\"><img loading=\"lazy\" decoding=\"async\" width=\"60\" height=\"60\" src=\"https:\/\/www.klimaalap.hu\/wp-content\/uploads\/2022\/04\/i7-small-tp.png\" alt=\"\" class=\"wp-image-471\"\/><\/figure>\n<\/div><\/div>\n\n\n\n<div class=\"wp-block-column is-vertically-aligned-center is-layout-flow wp-block-column-is-layout-flow\" style=\"flex-basis:90%\">\n<p>Water source protection: sustainable water management, water building, water source protection<\/p>\n<\/div>\n<\/div>\n\n\n\n<div style=\"height:20px\" aria-hidden=\"true\" class=\"wp-block-spacer show-on-lg\"><\/div>\n\n\n\n<p>Please be clear and answer the questions explicitly so that we can work on the optimal solution for your business.<\/p>\n\n\n\n<p>Submitting your application does not guarantee a capital investment, but you can count on quick feedback from our colleagues.<\/p>\n<\/div>\n<\/div>\n<\/div>\n<\/div>\n\n\n\n<p><\/p>\n\n\n\n<div class=\"wp-block-columns tokeigenyles-column-holder-lg is-layout-flex wp-container-core-columns-is-layout-9d6595d7 wp-block-columns-is-layout-flex\">\n<div class=\"wp-block-column is-layout-flow wp-block-column-is-layout-flow\"><div class=\"wp-block-image aligncenter\">\n<figure class=\"size-full\"><img loading=\"lazy\" decoding=\"async\" width=\"150\" height=\"150\" src=\"https:\/\/www.klimaalap.hu\/wp-content\/uploads\/2022\/04\/p1-01-t.png\" alt=\"\" class=\"wp-image-450\"\/><\/figure>\n<\/div>\n\n\n<p class=\"has-text-align-center three-column-header\"><strong>Investment below 100 million Forints investment<\/strong><\/p>\n\n\n\n<p>We are looking for founders who have a clear concept of the market demand of their product or service. Our capital fund helps your business to support market access and build the necessary sales and management capacity by investing a maximum of 100 million forints in capital, if it finds a climate protection result.<\/p>\n<\/div>\n\n\n\n<div class=\"wp-block-column is-layout-flow wp-block-column-is-layout-flow\"><div class=\"wp-block-image aligncenter\">\n<figure class=\"size-full\"><img loading=\"lazy\" decoding=\"async\" width=\"150\" height=\"150\" src=\"https:\/\/www.klimaalap.hu\/wp-content\/uploads\/2022\/04\/p2-01-t.png\" alt=\"\" class=\"wp-image-451\"\/><\/figure>\n<\/div>\n\n\n<p class=\"has-text-align-center three-column-header\"><strong>Investment between 100-350 million Forints:<\/strong><\/p>\n\n\n\n<p>As an investor, we help to strengthen the market of your product or service or to enter new markets by investing 100-350 million forints. We will be able to accept your application if your product or service related to climate protection is already generating sales and has already overcome the challenges of entering to the market.<\/p>\n<\/div>\n\n\n\n<div class=\"wp-block-column is-layout-flow wp-block-column-is-layout-flow\"><div class=\"wp-block-image aligncenter\">\n<figure class=\"size-full\"><img loading=\"lazy\" decoding=\"async\" width=\"150\" height=\"150\" src=\"https:\/\/www.klimaalap.hu\/wp-content\/uploads\/2022\/04\/p3-01-t.png\" alt=\"\" class=\"wp-image-452\"\/><\/figure>\n<\/div>\n\n\n<p class=\"has-text-align-center three-column-header\"><strong>Investment above 350 million Forints<\/strong><\/p>\n\n\n\n<p>We finance international market expansion, product and service development or infrastructure investments for companies that clearly demonstrate their stable operation and demand for their product or service. Please bear in mind, that we look for those climate protection-related businesses where the investment demand is over 350 million forints.<\/p>\n<\/div>\n<\/div>\n\n\n\n<div class=\"wp-block-columns tokeigenyles-column-holder-lg is-layout-flex wp-container-core-columns-is-layout-9d6595d7 wp-block-columns-is-layout-flex\">\n<div class=\"wp-block-column is-layout-flow wp-block-column-is-layout-flow\">\n<div class=\"wp-block-buttons is-layout-flex wp-block-buttons-is-layout-flex\">\n<div class=\"wp-block-button\"><a class=\"wp-block-button__link wp-element-button\" href=\"https:\/\/projekt.klimaalap.hu\/en\/apply-form-small\">APPLY<\/a><\/div>\n<\/div>\n<\/div>\n\n\n\n<div class=\"wp-block-column is-layout-flow wp-block-column-is-layout-flow\">\n<div class=\"wp-block-buttons is-layout-flex wp-block-buttons-is-layout-flex\">\n<div class=\"wp-block-button\"><a class=\"wp-block-button__link wp-element-button\" href=\"https:\/\/projekt.klimaalap.hu\/en\/apply-form-medium\">APPLY<\/a><\/div>\n<\/div>\n<\/div>\n\n\n\n<div class=\"wp-block-column is-layout-flow wp-block-column-is-layout-flow\">\n<div class=\"wp-block-buttons is-layout-flex wp-block-buttons-is-layout-flex\">\n<div class=\"wp-block-button\"><a class=\"wp-block-button__link wp-element-button\" href=\"https:\/\/projekt.klimaalap.hu\/en\/apply-form-large\">APPLY<\/a><\/div>\n<\/div>\n<\/div>\n<\/div>\n\n\n\n<div class=\"wp-block-columns is-layout-flex wp-container-core-columns-is-layout-9d6595d7 wp-block-columns-is-layout-flex\">\n<div class=\"wp-block-column tokeigenyles-column-holder-sm is-layout-flow wp-block-column-is-layout-flow\"><div class=\"wp-block-image aligncenter\">\n<figure class=\"size-full\"><img loading=\"lazy\" decoding=\"async\" width=\"150\" height=\"150\" src=\"https:\/\/www.klimaalap.hu\/wp-content\/uploads\/2022\/04\/p1-01-t.png\" alt=\"\" class=\"wp-image-450\"\/><\/figure>\n<\/div>\n\n\n<p class=\"has-text-align-center three-column-header\"><strong>Investment below 100 million Forints investment<\/strong><\/p>\n\n\n\n<p>We are looking for founders who have a clear concept of the market demand of their product or service. Our capital fund helps your business to support market access and build the necessary sales and management capacity by investing a maximum of 100 million forints in capital, if it finds a climate protection result.<\/p>\n\n\n\n<div class=\"wp-block-buttons is-layout-flex wp-block-buttons-is-layout-flex\">\n<div class=\"wp-block-button\"><a class=\"wp-block-button__link wp-element-button\" href=\"https:\/\/projekt.kbkbzrt.org\/en\/apply-form-small\">apply<\/a><\/div>\n<\/div>\n<\/div>\n<\/div>\n\n\n\n<div class=\"wp-block-columns tokeigenyles-column-holder-sm is-layout-flex wp-container-core-columns-is-layout-9d6595d7 wp-block-columns-is-layout-flex\">\n<div class=\"wp-block-column is-layout-flow wp-block-column-is-layout-flow\"><div class=\"wp-block-image aligncenter\">\n<figure class=\"size-full\"><img loading=\"lazy\" decoding=\"async\" width=\"150\" height=\"150\" src=\"https:\/\/www.klimaalap.hu\/wp-content\/uploads\/2022\/04\/p2-01-t.png\" alt=\"\" class=\"wp-image-451\"\/><\/figure>\n<\/div>\n\n\n<p class=\"has-text-align-center three-column-header\"><strong>Investment between 100-350 million Forints:<\/strong><\/p>\n\n\n\n<p>As an investor, we help to strengthen the market of your product or service or to enter new markets by investing 100-350 million forints. We will be able to accept your application if your product or service related to climate protection is already generating sales and has already overcome the challenges of entering to the market.<\/p>\n\n\n\n<div class=\"wp-block-buttons is-layout-flex wp-block-buttons-is-layout-flex\">\n<div class=\"wp-block-button\"><a class=\"wp-block-button__link wp-element-button\" href=\"https:\/\/projekt.kbkbzrt.org\/en\/apply-form-medium\">apply<\/a><\/div>\n<\/div>\n<\/div>\n<\/div>\n\n\n\n<div class=\"wp-block-columns tokeigenyles-column-holder-sm is-layout-flex wp-container-core-columns-is-layout-9d6595d7 wp-block-columns-is-layout-flex\">\n<div class=\"wp-block-column is-layout-flow wp-block-column-is-layout-flow\"><div class=\"wp-block-image aligncenter\">\n<figure class=\"size-full\"><img loading=\"lazy\" decoding=\"async\" width=\"150\" height=\"150\" src=\"https:\/\/www.klimaalap.hu\/wp-content\/uploads\/2022\/04\/p3-01-t.png\" alt=\"\" class=\"wp-image-452\"\/><\/figure>\n<\/div>\n\n\n<p class=\"has-text-align-center three-column-header\"><strong>Investment above 350 million Forints<\/strong><\/p>\n\n\n\n<p>We finance international market expansion, product and service development or infrastructure investments for companies that clearly demonstrate their stable operation and demand for their product or service. Please bear in mind, that we look for those climate protection-related businesses where the investment demand is over 350 million forints.<\/p>\n\n\n\n<div class=\"wp-block-buttons is-layout-flex wp-block-buttons-is-layout-flex\">\n<div class=\"wp-block-button\"><a class=\"wp-block-button__link wp-element-button\" href=\"https:\/\/projekt.kbkbzrt.org\/en\/apply-form-large\">apply<\/a><\/div>\n<\/div>\n<\/div>\n<\/div>\n","protected":false},"excerpt":{"rendered":"<p>We would like to inform you that Blue Planet Venture Capital Funds [&hellip;]<\/p>\n","protected":false},"author":1,"featured_media":0,"parent":0,"menu_order":0,"comment_status":"closed","ping_status":"closed","template":"page-templates\/page_fullwidth.php","meta":{"footnotes":""},"class_list":["post-492","page","type-page","status-publish","hentry"],"yoast_head":"<!-- This site is optimized with the Yoast SEO plugin v27.5 - https:\/\/yoast.com\/product\/yoast-seo-wordpress\/ -->\n<title>Application - K\u00c9K BOLYG\u00d3 - Kl\u00edmaalap<\/title>\n<meta name=\"robots\" content=\"index, follow, max-snippet:-1, max-image-preview:large, max-video-preview:-1\" \/>\n<link rel=\"canonical\" href=\"https:\/\/www.klimaalap.hu\/en\/application\/\" \/>\n<meta property=\"og:locale\" content=\"en_US\" \/>\n<meta property=\"og:type\" content=\"article\" \/>\n<meta property=\"og:title\" content=\"Application - K\u00c9K BOLYG\u00d3 - Kl\u00edmaalap\" \/>\n<meta property=\"og:description\" content=\"We would like to inform you that Blue Planet Venture Capital Funds [&hellip;]\" \/>\n<meta property=\"og:url\" content=\"https:\/\/www.klimaalap.hu\/en\/application\/\" \/>\n<meta property=\"og:site_name\" content=\"K\u00c9K BOLYG\u00d3 - Kl\u00edmaalap\" \/>\n<meta property=\"article:modified_time\" content=\"2024-05-07T08:30:17+00:00\" \/>\n<meta property=\"og:image\" content=\"https:\/\/www.klimaalap.hu\/wp-content\/uploads\/2022\/04\/i1-small-tp.png\" \/>\n<meta name=\"twitter:card\" content=\"summary_large_image\" \/>\n<meta name=\"twitter:label1\" content=\"Est. reading time\" \/>\n\t<meta name=\"twitter:data1\" content=\"6 minutes\" \/>\n<script type=\"application\/ld+json\" class=\"yoast-schema-graph\">{\"@context\":\"https:\\\/\\\/schema.org\",\"@graph\":[{\"@type\":\"WebPage\",\"@id\":\"https:\\\/\\\/www.klimaalap.hu\\\/en\\\/application\\\/\",\"url\":\"https:\\\/\\\/www.klimaalap.hu\\\/en\\\/application\\\/\",\"name\":\"Application - K\u00c9K BOLYG\u00d3 - Kl\u00edmaalap\",\"isPartOf\":{\"@id\":\"https:\\\/\\\/www.klimaalap.hu\\\/#website\"},\"primaryImageOfPage\":{\"@id\":\"https:\\\/\\\/www.klimaalap.hu\\\/en\\\/application\\\/#primaryimage\"},\"image\":{\"@id\":\"https:\\\/\\\/www.klimaalap.hu\\\/en\\\/application\\\/#primaryimage\"},\"thumbnailUrl\":\"https:\\\/\\\/www.klimaalap.hu\\\/wp-content\\\/uploads\\\/2022\\\/04\\\/i1-small-tp.png\",\"datePublished\":\"2022-04-25T12:35:34+00:00\",\"dateModified\":\"2024-05-07T08:30:17+00:00\",\"breadcrumb\":{\"@id\":\"https:\\\/\\\/www.klimaalap.hu\\\/en\\\/application\\\/#breadcrumb\"},\"inLanguage\":\"en-US\",\"potentialAction\":[{\"@type\":\"ReadAction\",\"target\":[\"https:\\\/\\\/www.klimaalap.hu\\\/en\\\/application\\\/\"]}]},{\"@type\":\"ImageObject\",\"inLanguage\":\"en-US\",\"@id\":\"https:\\\/\\\/www.klimaalap.hu\\\/en\\\/application\\\/#primaryimage\",\"url\":\"https:\\\/\\\/www.klimaalap.hu\\\/wp-content\\\/uploads\\\/2022\\\/04\\\/i1-small-tp.png\",\"contentUrl\":\"https:\\\/\\\/www.klimaalap.hu\\\/wp-content\\\/uploads\\\/2022\\\/04\\\/i1-small-tp.png\"},{\"@type\":\"BreadcrumbList\",\"@id\":\"https:\\\/\\\/www.klimaalap.hu\\\/en\\\/application\\\/#breadcrumb\",\"itemListElement\":[{\"@type\":\"ListItem\",\"position\":1,\"name\":\"Kezd\u0151lap\",\"item\":\"https:\\\/\\\/www.klimaalap.hu\\\/en\\\/\"},{\"@type\":\"ListItem\",\"position\":2,\"name\":\"Application\"}]},{\"@type\":\"WebSite\",\"@id\":\"https:\\\/\\\/www.klimaalap.hu\\\/#website\",\"url\":\"https:\\\/\\\/www.klimaalap.hu\\\/\",\"name\":\"K\u00c9K BOLYG\u00d3 - Kl\u00edmaalap\",\"description\":\"alapkezel\u0151\",\"publisher\":{\"@id\":\"https:\\\/\\\/www.klimaalap.hu\\\/#organization\"},\"potentialAction\":[{\"@type\":\"SearchAction\",\"target\":{\"@type\":\"EntryPoint\",\"urlTemplate\":\"https:\\\/\\\/www.klimaalap.hu\\\/?s={search_term_string}\"},\"query-input\":{\"@type\":\"PropertyValueSpecification\",\"valueRequired\":true,\"valueName\":\"search_term_string\"}}],\"inLanguage\":\"en-US\"},{\"@type\":\"Organization\",\"@id\":\"https:\\\/\\\/www.klimaalap.hu\\\/#organization\",\"name\":\"K\u00e9k Bolyg\u00f3 T\u0151kealapok\",\"url\":\"https:\\\/\\\/www.klimaalap.hu\\\/\",\"logo\":{\"@type\":\"ImageObject\",\"inLanguage\":\"en-US\",\"@id\":\"https:\\\/\\\/www.klimaalap.hu\\\/#\\\/schema\\\/logo\\\/image\\\/\",\"url\":\"https:\\\/\\\/www.klimaalap.hu\\\/wp-content\\\/uploads\\\/2022\\\/04\\\/ujlogo.png\",\"contentUrl\":\"https:\\\/\\\/www.klimaalap.hu\\\/wp-content\\\/uploads\\\/2022\\\/04\\\/ujlogo.png\",\"width\":400,\"height\":106,\"caption\":\"K\u00e9k Bolyg\u00f3 T\u0151kealapok\"},\"image\":{\"@id\":\"https:\\\/\\\/www.klimaalap.hu\\\/#\\\/schema\\\/logo\\\/image\\\/\"}}]}<\/script>\n<!-- \/ Yoast SEO plugin. -->","yoast_head_json":{"title":"Application - K\u00c9K BOLYG\u00d3 - Kl\u00edmaalap","robots":{"index":"index","follow":"follow","max-snippet":"max-snippet:-1","max-image-preview":"max-image-preview:large","max-video-preview":"max-video-preview:-1"},"canonical":"https:\/\/www.klimaalap.hu\/en\/application\/","og_locale":"en_US","og_type":"article","og_title":"Application - K\u00c9K BOLYG\u00d3 - Kl\u00edmaalap","og_description":"We would like to inform you that Blue Planet Venture Capital Funds [&hellip;]","og_url":"https:\/\/www.klimaalap.hu\/en\/application\/","og_site_name":"K\u00c9K BOLYG\u00d3 - Kl\u00edmaalap","article_modified_time":"2024-05-07T08:30:17+00:00","og_image":[{"url":"https:\/\/www.klimaalap.hu\/wp-content\/uploads\/2022\/04\/i1-small-tp.png","type":"","width":"","height":""}],"twitter_card":"summary_large_image","twitter_misc":{"Est. reading time":"6 minutes"},"schema":{"@context":"https:\/\/schema.org","@graph":[{"@type":"WebPage","@id":"https:\/\/www.klimaalap.hu\/en\/application\/","url":"https:\/\/www.klimaalap.hu\/en\/application\/","name":"Application - K\u00c9K BOLYG\u00d3 - Kl\u00edmaalap","isPartOf":{"@id":"https:\/\/www.klimaalap.hu\/#website"},"primaryImageOfPage":{"@id":"https:\/\/www.klimaalap.hu\/en\/application\/#primaryimage"},"image":{"@id":"https:\/\/www.klimaalap.hu\/en\/application\/#primaryimage"},"thumbnailUrl":"https:\/\/www.klimaalap.hu\/wp-content\/uploads\/2022\/04\/i1-small-tp.png","datePublished":"2022-04-25T12:35:34+00:00","dateModified":"2024-05-07T08:30:17+00:00","breadcrumb":{"@id":"https:\/\/www.klimaalap.hu\/en\/application\/#breadcrumb"},"inLanguage":"en-US","potentialAction":[{"@type":"ReadAction","target":["https:\/\/www.klimaalap.hu\/en\/application\/"]}]},{"@type":"ImageObject","inLanguage":"en-US","@id":"https:\/\/www.klimaalap.hu\/en\/application\/#primaryimage","url":"https:\/\/www.klimaalap.hu\/wp-content\/uploads\/2022\/04\/i1-small-tp.png","contentUrl":"https:\/\/www.klimaalap.hu\/wp-content\/uploads\/2022\/04\/i1-small-tp.png"},{"@type":"BreadcrumbList","@id":"https:\/\/www.klimaalap.hu\/en\/application\/#breadcrumb","itemListElement":[{"@type":"ListItem","position":1,"name":"Kezd\u0151lap","item":"https:\/\/www.klimaalap.hu\/en\/"},{"@type":"ListItem","position":2,"name":"Application"}]},{"@type":"WebSite","@id":"https:\/\/www.klimaalap.hu\/#website","url":"https:\/\/www.klimaalap.hu\/","name":"K\u00c9K BOLYG\u00d3 - Kl\u00edmaalap","description":"alapkezel\u0151","publisher":{"@id":"https:\/\/www.klimaalap.hu\/#organization"},"potentialAction":[{"@type":"SearchAction","target":{"@type":"EntryPoint","urlTemplate":"https:\/\/www.klimaalap.hu\/?s={search_term_string}"},"query-input":{"@type":"PropertyValueSpecification","valueRequired":true,"valueName":"search_term_string"}}],"inLanguage":"en-US"},{"@type":"Organization","@id":"https:\/\/www.klimaalap.hu\/#organization","name":"K\u00e9k Bolyg\u00f3 T\u0151kealapok","url":"https:\/\/www.klimaalap.hu\/","logo":{"@type":"ImageObject","inLanguage":"en-US","@id":"https:\/\/www.klimaalap.hu\/#\/schema\/logo\/image\/","url":"https:\/\/www.klimaalap.hu\/wp-content\/uploads\/2022\/04\/ujlogo.png","contentUrl":"https:\/\/www.klimaalap.hu\/wp-content\/uploads\/2022\/04\/ujlogo.png","width":400,"height":106,"caption":"K\u00e9k Bolyg\u00f3 T\u0151kealapok"},"image":{"@id":"https:\/\/www.klimaalap.hu\/#\/schema\/logo\/image\/"}}]}},"_links":{"self":[{"href":"https:\/\/www.klimaalap.hu\/en\/wp-json\/wp\/v2\/pages\/492","targetHints":{"allow":["GET"]}}],"collection":[{"href":"https:\/\/www.klimaalap.hu\/en\/wp-json\/wp\/v2\/pages"}],"about":[{"href":"https:\/\/www.klimaalap.hu\/en\/wp-json\/wp\/v2\/types\/page"}],"author":[{"embeddable":true,"href":"https:\/\/www.klimaalap.hu\/en\/wp-json\/wp\/v2\/users\/1"}],"replies":[{"embeddable":true,"href":"https:\/\/www.klimaalap.hu\/en\/wp-json\/wp\/v2\/comments?post=492"}],"version-history":[{"count":6,"href":"https:\/\/www.klimaalap.hu\/en\/wp-json\/wp\/v2\/pages\/492\/revisions"}],"predecessor-version":[{"id":1063,"href":"https:\/\/www.klimaalap.hu\/en\/wp-json\/wp\/v2\/pages\/492\/revisions\/1063"}],"wp:attachment":[{"href":"https:\/\/www.klimaalap.hu\/en\/wp-json\/wp\/v2\/media?parent=492"}],"curies":[{"name":"wp","href":"https:\/\/api.w.org\/{rel}","templated":true}]}}