{"id":511,"date":"2022-04-25T13:15:38","date_gmt":"2022-04-25T13:15:38","guid":{"rendered":"https:\/\/www.klimaalap.hu\/privacy-statement\/"},"modified":"2023-08-08T16:42:15","modified_gmt":"2023-08-08T16:42:15","slug":"privacy-statement","status":"publish","type":"page","link":"https:\/\/www.klimaalap.hu\/en\/privacy-statement\/","title":{"rendered":"Privacy Statement"},"content":{"rendered":"\n<div class=\"wp-block-columns is-layout-flex wp-container-core-columns-is-layout-9d6595d7 wp-block-columns-is-layout-flex\">\n<div class=\"wp-block-column is-layout-flow wp-block-column-is-layout-flow\">\n<p><strong>DATA MANAGER<\/strong><\/p>\n\n\n\n<p>KBKB K\u00e9k Bolyg\u00f3 Kl\u00edmav\u00e9delmi Befektet\u00e9si Alapkezel\u0151 Z\u00e1rtk\u00f6r\u0171en M\u0171k\u00f6d\u0151 R\u00e9szv\u00e9nyt\u00e1rsas\u00e1g<br>Headquarter: 1026 Budapest, Pasar\u00e9ti street 59.<br>Business Registration number: 01-10-046411<br>Tax number: 26770576<\/p>\n\n\n\n<p>Data protection officer: dr. Antal T\u00edmea (e-mail: <a href=\"info@kbkbzrt.hu\"><\/a><a href=\"mailto:info@kbkbzrt.hu\">info@kbkbzrt.hu<\/a>)<\/p>\n\n\n\n<p><strong>PURPOSE OF DATA MANAGEMENT<\/strong><\/p>\n\n\n\n<p>The cookies will be used for the following purposes:<\/p>\n\n\n\n<p>\u00b7 development of our website<\/p>\n\n\n\n<p>\u00b7 facilitation of an easier navigation in our website, thus ensuring a smooth user experience<\/p>\n\n\n\n<p>\u00b7 collection of information while using our website<\/p>\n\n\n\n<p>\u00b7 placement of targeted ads on other websites (remarketing)<\/p>\n\n\n\n<p>\u00b7 monitor of activities carrying out on the website so that we can deliver relevant offers that are of particular interest to you<\/p>\n\n\n\n<p>\u00b7 sending personal offers to the contact details provided during registration.<\/p>\n<\/div>\n<\/div>\n","protected":false},"excerpt":{"rendered":"<p>DATA MANAGER KBKB K\u00e9k Bolyg\u00f3 Kl\u00edmav\u00e9delmi Befektet\u00e9si Alapkezel\u0151 Z\u00e1rtk\u00f6r\u0171en M\u0171k\u00f6d\u0151 R\u00e9szv\u00e9nyt\u00e1rsas\u00e1gHeadquarter: 1026 [&hellip;]<\/p>\n","protected":false},"author":1,"featured_media":0,"parent":0,"menu_order":0,"comment_status":"closed","ping_status":"closed","template":"page-templates\/page_fullwidth.php","meta":{"footnotes":""},"class_list":["post-511","page","type-page","status-publish","hentry"],"yoast_head":"<!-- This site is optimized with the Yoast SEO plugin v27.4 - https:\/\/yoast.com\/product\/yoast-seo-wordpress\/ -->\n<title>Privacy Statement - K\u00c9K BOLYG\u00d3 - Kl\u00edmaalap<\/title>\n<meta name=\"robots\" content=\"index, follow, max-snippet:-1, max-image-preview:large, max-video-preview:-1\" \/>\n<link rel=\"canonical\" href=\"https:\/\/www.klimaalap.hu\/en\/privacy-statement\/\" \/>\n<meta property=\"og:locale\" content=\"en_US\" \/>\n<meta property=\"og:type\" content=\"article\" \/>\n<meta property=\"og:title\" content=\"Privacy Statement - K\u00c9K BOLYG\u00d3 - Kl\u00edmaalap\" \/>\n<meta property=\"og:description\" content=\"DATA MANAGER KBKB K\u00e9k Bolyg\u00f3 Kl\u00edmav\u00e9delmi Befektet\u00e9si Alapkezel\u0151 Z\u00e1rtk\u00f6r\u0171en M\u0171k\u00f6d\u0151 R\u00e9szv\u00e9nyt\u00e1rsas\u00e1gHeadquarter: 1026 [&hellip;]\" \/>\n<meta property=\"og:url\" content=\"https:\/\/www.klimaalap.hu\/en\/privacy-statement\/\" \/>\n<meta property=\"og:site_name\" content=\"K\u00c9K BOLYG\u00d3 - Kl\u00edmaalap\" \/>\n<meta property=\"article:modified_time\" content=\"2023-08-08T16:42:15+00:00\" \/>\n<meta name=\"twitter:card\" content=\"summary_large_image\" \/>\n<meta name=\"twitter:label1\" content=\"Est. reading time\" \/>\n\t<meta name=\"twitter:data1\" content=\"1 minute\" \/>\n<script type=\"application\/ld+json\" class=\"yoast-schema-graph\">{\"@context\":\"https:\\\/\\\/schema.org\",\"@graph\":[{\"@type\":\"WebPage\",\"@id\":\"https:\\\/\\\/www.klimaalap.hu\\\/en\\\/privacy-statement\\\/\",\"url\":\"https:\\\/\\\/www.klimaalap.hu\\\/en\\\/privacy-statement\\\/\",\"name\":\"Privacy Statement - K\u00c9K BOLYG\u00d3 - Kl\u00edmaalap\",\"isPartOf\":{\"@id\":\"https:\\\/\\\/www.klimaalap.hu\\\/#website\"},\"datePublished\":\"2022-04-25T13:15:38+00:00\",\"dateModified\":\"2023-08-08T16:42:15+00:00\",\"breadcrumb\":{\"@id\":\"https:\\\/\\\/www.klimaalap.hu\\\/en\\\/privacy-statement\\\/#breadcrumb\"},\"inLanguage\":\"en-US\",\"potentialAction\":[{\"@type\":\"ReadAction\",\"target\":[\"https:\\\/\\\/www.klimaalap.hu\\\/en\\\/privacy-statement\\\/\"]}]},{\"@type\":\"BreadcrumbList\",\"@id\":\"https:\\\/\\\/www.klimaalap.hu\\\/en\\\/privacy-statement\\\/#breadcrumb\",\"itemListElement\":[{\"@type\":\"ListItem\",\"position\":1,\"name\":\"Kezd\u0151lap\",\"item\":\"https:\\\/\\\/www.klimaalap.hu\\\/en\\\/\"},{\"@type\":\"ListItem\",\"position\":2,\"name\":\"Privacy Statement\"}]},{\"@type\":\"WebSite\",\"@id\":\"https:\\\/\\\/www.klimaalap.hu\\\/#website\",\"url\":\"https:\\\/\\\/www.klimaalap.hu\\\/\",\"name\":\"K\u00c9K BOLYG\u00d3 - Kl\u00edmaalap\",\"description\":\"alapkezel\u0151\",\"publisher\":{\"@id\":\"https:\\\/\\\/www.klimaalap.hu\\\/#organization\"},\"potentialAction\":[{\"@type\":\"SearchAction\",\"target\":{\"@type\":\"EntryPoint\",\"urlTemplate\":\"https:\\\/\\\/www.klimaalap.hu\\\/?s={search_term_string}\"},\"query-input\":{\"@type\":\"PropertyValueSpecification\",\"valueRequired\":true,\"valueName\":\"search_term_string\"}}],\"inLanguage\":\"en-US\"},{\"@type\":\"Organization\",\"@id\":\"https:\\\/\\\/www.klimaalap.hu\\\/#organization\",\"name\":\"K\u00e9k Bolyg\u00f3 T\u0151kealapok\",\"url\":\"https:\\\/\\\/www.klimaalap.hu\\\/\",\"logo\":{\"@type\":\"ImageObject\",\"inLanguage\":\"en-US\",\"@id\":\"https:\\\/\\\/www.klimaalap.hu\\\/#\\\/schema\\\/logo\\\/image\\\/\",\"url\":\"https:\\\/\\\/www.klimaalap.hu\\\/wp-content\\\/uploads\\\/2022\\\/04\\\/ujlogo.png\",\"contentUrl\":\"https:\\\/\\\/www.klimaalap.hu\\\/wp-content\\\/uploads\\\/2022\\\/04\\\/ujlogo.png\",\"width\":400,\"height\":106,\"caption\":\"K\u00e9k Bolyg\u00f3 T\u0151kealapok\"},\"image\":{\"@id\":\"https:\\\/\\\/www.klimaalap.hu\\\/#\\\/schema\\\/logo\\\/image\\\/\"}}]}<\/script>\n<!-- \/ Yoast SEO plugin. -->","yoast_head_json":{"title":"Privacy Statement - K\u00c9K BOLYG\u00d3 - Kl\u00edmaalap","robots":{"index":"index","follow":"follow","max-snippet":"max-snippet:-1","max-image-preview":"max-image-preview:large","max-video-preview":"max-video-preview:-1"},"canonical":"https:\/\/www.klimaalap.hu\/en\/privacy-statement\/","og_locale":"en_US","og_type":"article","og_title":"Privacy Statement - K\u00c9K BOLYG\u00d3 - Kl\u00edmaalap","og_description":"DATA MANAGER KBKB K\u00e9k Bolyg\u00f3 Kl\u00edmav\u00e9delmi Befektet\u00e9si Alapkezel\u0151 Z\u00e1rtk\u00f6r\u0171en M\u0171k\u00f6d\u0151 R\u00e9szv\u00e9nyt\u00e1rsas\u00e1gHeadquarter: 1026 [&hellip;]","og_url":"https:\/\/www.klimaalap.hu\/en\/privacy-statement\/","og_site_name":"K\u00c9K BOLYG\u00d3 - Kl\u00edmaalap","article_modified_time":"2023-08-08T16:42:15+00:00","twitter_card":"summary_large_image","twitter_misc":{"Est. reading time":"1 minute"},"schema":{"@context":"https:\/\/schema.org","@graph":[{"@type":"WebPage","@id":"https:\/\/www.klimaalap.hu\/en\/privacy-statement\/","url":"https:\/\/www.klimaalap.hu\/en\/privacy-statement\/","name":"Privacy Statement - K\u00c9K BOLYG\u00d3 - Kl\u00edmaalap","isPartOf":{"@id":"https:\/\/www.klimaalap.hu\/#website"},"datePublished":"2022-04-25T13:15:38+00:00","dateModified":"2023-08-08T16:42:15+00:00","breadcrumb":{"@id":"https:\/\/www.klimaalap.hu\/en\/privacy-statement\/#breadcrumb"},"inLanguage":"en-US","potentialAction":[{"@type":"ReadAction","target":["https:\/\/www.klimaalap.hu\/en\/privacy-statement\/"]}]},{"@type":"BreadcrumbList","@id":"https:\/\/www.klimaalap.hu\/en\/privacy-statement\/#breadcrumb","itemListElement":[{"@type":"ListItem","position":1,"name":"Kezd\u0151lap","item":"https:\/\/www.klimaalap.hu\/en\/"},{"@type":"ListItem","position":2,"name":"Privacy Statement"}]},{"@type":"WebSite","@id":"https:\/\/www.klimaalap.hu\/#website","url":"https:\/\/www.klimaalap.hu\/","name":"K\u00c9K BOLYG\u00d3 - Kl\u00edmaalap","description":"alapkezel\u0151","publisher":{"@id":"https:\/\/www.klimaalap.hu\/#organization"},"potentialAction":[{"@type":"SearchAction","target":{"@type":"EntryPoint","urlTemplate":"https:\/\/www.klimaalap.hu\/?s={search_term_string}"},"query-input":{"@type":"PropertyValueSpecification","valueRequired":true,"valueName":"search_term_string"}}],"inLanguage":"en-US"},{"@type":"Organization","@id":"https:\/\/www.klimaalap.hu\/#organization","name":"K\u00e9k Bolyg\u00f3 T\u0151kealapok","url":"https:\/\/www.klimaalap.hu\/","logo":{"@type":"ImageObject","inLanguage":"en-US","@id":"https:\/\/www.klimaalap.hu\/#\/schema\/logo\/image\/","url":"https:\/\/www.klimaalap.hu\/wp-content\/uploads\/2022\/04\/ujlogo.png","contentUrl":"https:\/\/www.klimaalap.hu\/wp-content\/uploads\/2022\/04\/ujlogo.png","width":400,"height":106,"caption":"K\u00e9k Bolyg\u00f3 T\u0151kealapok"},"image":{"@id":"https:\/\/www.klimaalap.hu\/#\/schema\/logo\/image\/"}}]}},"_links":{"self":[{"href":"https:\/\/www.klimaalap.hu\/en\/wp-json\/wp\/v2\/pages\/511","targetHints":{"allow":["GET"]}}],"collection":[{"href":"https:\/\/www.klimaalap.hu\/en\/wp-json\/wp\/v2\/pages"}],"about":[{"href":"https:\/\/www.klimaalap.hu\/en\/wp-json\/wp\/v2\/types\/page"}],"author":[{"embeddable":true,"href":"https:\/\/www.klimaalap.hu\/en\/wp-json\/wp\/v2\/users\/1"}],"replies":[{"embeddable":true,"href":"https:\/\/www.klimaalap.hu\/en\/wp-json\/wp\/v2\/comments?post=511"}],"version-history":[{"count":3,"href":"https:\/\/www.klimaalap.hu\/en\/wp-json\/wp\/v2\/pages\/511\/revisions"}],"predecessor-version":[{"id":1010,"href":"https:\/\/www.klimaalap.hu\/en\/wp-json\/wp\/v2\/pages\/511\/revisions\/1010"}],"wp:attachment":[{"href":"https:\/\/www.klimaalap.hu\/en\/wp-json\/wp\/v2\/media?parent=511"}],"curies":[{"name":"wp","href":"https:\/\/api.w.org\/{rel}","templated":true}]}}