{"id":513,"date":"2022-04-25T13:16:09","date_gmt":"2022-04-25T13:16:09","guid":{"rendered":"https:\/\/www.klimaalap.hu\/cookie-policy\/"},"modified":"2022-06-15T16:32:14","modified_gmt":"2022-06-15T16:32:14","slug":"cookie-policy","status":"publish","type":"page","link":"https:\/\/www.klimaalap.hu\/en\/cookie-policy\/","title":{"rendered":"Cookie Policy"},"content":{"rendered":"\n<div class=\"wp-block-columns is-layout-flex wp-container-core-columns-is-layout-9d6595d7 wp-block-columns-is-layout-flex\">\n<div class=\"wp-block-column is-layout-flow wp-block-column-is-layout-flow\">\n<p><strong>The purpose of this prospectus is to provide information on cookie data management used on the website&nbsp;<a href=\"https:\/\/klimaalap.hu\/\">https:\/\/klimaalap.hu\/<\/a>&nbsp;operated by KBKB K\u00e9k Bolyg\u00f3 Kl\u00edmav\u00e9delmi Befektet\u00e9si Alapkezel\u0151 Z\u00e1rtk\u00f6r\u0171en M\u0171k\u00f6d\u0151 R\u00e9szv\u00e9nyt\u00e1rsas\u00e1g.<\/strong><\/p>\n\n\n\n<p>Cookies are files that store information on your web browser. For example, cookies allow the website to recognize if you have visited it before, or they help with understanding which part of the website is most popular because they allow us to see which pages the visitors visit and how much time they spend there. By studying this, we can better tailor the website to your needs and provide you with an even more diverse user experience. We also use cookies to ensure that the information displayed on your next visit will meet your user expectations (without personally identification).<\/p>\n\n\n\n<p>When you visit our website, we may automatically collect technical information that does not identify you personally. For example, the name of another website that redirected you to this website, the place where you accessed that website, searches on that website. By gathering this information will help us to identify the search habits preferred by visitors of our website without using personal information. This information will only be used internally. Anonymous or general data from which your identity cannot be identified does not considered as personal data and therefore does not fall within the scope of this prospectus.<\/p>\n\n\n\n<p>Your web browser can be set to accept all cookies, reject them all, or notify you when a cookie arrives on your computer. Each web browser is different, so please use your browser\u2019s \u201cHelp\u201d menu to change your cookie settings. For more information on the nature of cookies and how to turn them off, please visit&nbsp;<a target=\"_blank\" href=\"http:\/\/www.youronlinechoices.com\/hu\/\" rel=\"noreferrer noopener\">http:\/\/www.youronlinechoices.com\/hu\/.<\/a>&nbsp;The&nbsp;<a href=\"https:\/\/klimaalap.hu\/\">https:\/\/klimaalap.hu\/<\/a>&nbsp;website is developed to use cookies, so disabling them may affect the usability of the website and prevent you from taking advantage of it.<\/p>\n\n\n\n<p>You can find more information about cookie settings in the most commonly used web browsers here:<\/p>\n\n\n\n<p><a target=\"_blank\" href=\"https:\/\/support.mozilla.org\/en-US\/kb\/clear-cookies-and-site-data-firefox\" rel=\"noreferrer noopener\">Mozilla Firefox<\/a><br><a target=\"_blank\" href=\"https:\/\/support.google.com\/chrome\/answer\/95647?co=GENIE.Platform%3DDesktop&amp;hl=en\" rel=\"noreferrer noopener\">Google Chrome<\/a><br><a target=\"_blank\" href=\"https:\/\/support.microsoft.com\/en-us\/windows\/delete-and-manage-cookies-168dab11-0753-043d-7c16-ede5947fc64d\" rel=\"noreferrer noopener\">Internet Explorer<\/a><br>Google Analytics provides further possibilities to learn more on how to disable and unsubscribe from Google Analytics services:&nbsp;<a target=\"_blank\" href=\"http:\/\/tools.google.com\/dlpage\/gaoptout?hl=en-GB\" rel=\"noreferrer noopener\">http:\/\/tools.google.com\/dlpage\/gaoptout?hl=en-GB<\/a><\/p>\n<\/div>\n<\/div>\n","protected":false},"excerpt":{"rendered":"<p>The purpose of this prospectus is to provide information on cookie data [&hellip;]<\/p>\n","protected":false},"author":1,"featured_media":0,"parent":0,"menu_order":0,"comment_status":"closed","ping_status":"closed","template":"page-templates\/page_fullwidth.php","meta":{"footnotes":""},"class_list":["post-513","page","type-page","status-publish","hentry"],"yoast_head":"<!-- This site is optimized with the Yoast SEO plugin v27.5 - https:\/\/yoast.com\/product\/yoast-seo-wordpress\/ -->\n<title>Cookie Policy - K\u00c9K BOLYG\u00d3 - Kl\u00edmaalap<\/title>\n<meta name=\"robots\" content=\"index, follow, max-snippet:-1, max-image-preview:large, max-video-preview:-1\" \/>\n<link rel=\"canonical\" href=\"https:\/\/www.klimaalap.hu\/en\/cookie-policy\/\" \/>\n<meta property=\"og:locale\" content=\"en_US\" \/>\n<meta property=\"og:type\" content=\"article\" \/>\n<meta property=\"og:title\" content=\"Cookie Policy - K\u00c9K BOLYG\u00d3 - Kl\u00edmaalap\" \/>\n<meta property=\"og:description\" content=\"The purpose of this prospectus is to provide information on cookie data [&hellip;]\" \/>\n<meta property=\"og:url\" content=\"https:\/\/www.klimaalap.hu\/en\/cookie-policy\/\" \/>\n<meta property=\"og:site_name\" content=\"K\u00c9K BOLYG\u00d3 - Kl\u00edmaalap\" \/>\n<meta property=\"article:modified_time\" content=\"2022-06-15T16:32:14+00:00\" \/>\n<meta name=\"twitter:card\" content=\"summary_large_image\" \/>\n<meta name=\"twitter:label1\" content=\"Est. reading time\" \/>\n\t<meta name=\"twitter:data1\" content=\"2 minutes\" \/>\n<script type=\"application\/ld+json\" class=\"yoast-schema-graph\">{\"@context\":\"https:\\\/\\\/schema.org\",\"@graph\":[{\"@type\":\"WebPage\",\"@id\":\"https:\\\/\\\/www.klimaalap.hu\\\/en\\\/cookie-policy\\\/\",\"url\":\"https:\\\/\\\/www.klimaalap.hu\\\/en\\\/cookie-policy\\\/\",\"name\":\"Cookie Policy - K\u00c9K BOLYG\u00d3 - Kl\u00edmaalap\",\"isPartOf\":{\"@id\":\"https:\\\/\\\/www.klimaalap.hu\\\/#website\"},\"datePublished\":\"2022-04-25T13:16:09+00:00\",\"dateModified\":\"2022-06-15T16:32:14+00:00\",\"breadcrumb\":{\"@id\":\"https:\\\/\\\/www.klimaalap.hu\\\/en\\\/cookie-policy\\\/#breadcrumb\"},\"inLanguage\":\"en-US\",\"potentialAction\":[{\"@type\":\"ReadAction\",\"target\":[\"https:\\\/\\\/www.klimaalap.hu\\\/en\\\/cookie-policy\\\/\"]}]},{\"@type\":\"BreadcrumbList\",\"@id\":\"https:\\\/\\\/www.klimaalap.hu\\\/en\\\/cookie-policy\\\/#breadcrumb\",\"itemListElement\":[{\"@type\":\"ListItem\",\"position\":1,\"name\":\"Kezd\u0151lap\",\"item\":\"https:\\\/\\\/www.klimaalap.hu\\\/en\\\/\"},{\"@type\":\"ListItem\",\"position\":2,\"name\":\"Cookie Policy\"}]},{\"@type\":\"WebSite\",\"@id\":\"https:\\\/\\\/www.klimaalap.hu\\\/#website\",\"url\":\"https:\\\/\\\/www.klimaalap.hu\\\/\",\"name\":\"K\u00c9K BOLYG\u00d3 - Kl\u00edmaalap\",\"description\":\"alapkezel\u0151\",\"publisher\":{\"@id\":\"https:\\\/\\\/www.klimaalap.hu\\\/#organization\"},\"potentialAction\":[{\"@type\":\"SearchAction\",\"target\":{\"@type\":\"EntryPoint\",\"urlTemplate\":\"https:\\\/\\\/www.klimaalap.hu\\\/?s={search_term_string}\"},\"query-input\":{\"@type\":\"PropertyValueSpecification\",\"valueRequired\":true,\"valueName\":\"search_term_string\"}}],\"inLanguage\":\"en-US\"},{\"@type\":\"Organization\",\"@id\":\"https:\\\/\\\/www.klimaalap.hu\\\/#organization\",\"name\":\"K\u00e9k Bolyg\u00f3 T\u0151kealapok\",\"url\":\"https:\\\/\\\/www.klimaalap.hu\\\/\",\"logo\":{\"@type\":\"ImageObject\",\"inLanguage\":\"en-US\",\"@id\":\"https:\\\/\\\/www.klimaalap.hu\\\/#\\\/schema\\\/logo\\\/image\\\/\",\"url\":\"https:\\\/\\\/www.klimaalap.hu\\\/wp-content\\\/uploads\\\/2022\\\/04\\\/ujlogo.png\",\"contentUrl\":\"https:\\\/\\\/www.klimaalap.hu\\\/wp-content\\\/uploads\\\/2022\\\/04\\\/ujlogo.png\",\"width\":400,\"height\":106,\"caption\":\"K\u00e9k Bolyg\u00f3 T\u0151kealapok\"},\"image\":{\"@id\":\"https:\\\/\\\/www.klimaalap.hu\\\/#\\\/schema\\\/logo\\\/image\\\/\"}}]}<\/script>\n<!-- \/ Yoast SEO plugin. -->","yoast_head_json":{"title":"Cookie Policy - K\u00c9K BOLYG\u00d3 - Kl\u00edmaalap","robots":{"index":"index","follow":"follow","max-snippet":"max-snippet:-1","max-image-preview":"max-image-preview:large","max-video-preview":"max-video-preview:-1"},"canonical":"https:\/\/www.klimaalap.hu\/en\/cookie-policy\/","og_locale":"en_US","og_type":"article","og_title":"Cookie Policy - K\u00c9K BOLYG\u00d3 - Kl\u00edmaalap","og_description":"The purpose of this prospectus is to provide information on cookie data [&hellip;]","og_url":"https:\/\/www.klimaalap.hu\/en\/cookie-policy\/","og_site_name":"K\u00c9K BOLYG\u00d3 - Kl\u00edmaalap","article_modified_time":"2022-06-15T16:32:14+00:00","twitter_card":"summary_large_image","twitter_misc":{"Est. reading time":"2 minutes"},"schema":{"@context":"https:\/\/schema.org","@graph":[{"@type":"WebPage","@id":"https:\/\/www.klimaalap.hu\/en\/cookie-policy\/","url":"https:\/\/www.klimaalap.hu\/en\/cookie-policy\/","name":"Cookie Policy - K\u00c9K BOLYG\u00d3 - Kl\u00edmaalap","isPartOf":{"@id":"https:\/\/www.klimaalap.hu\/#website"},"datePublished":"2022-04-25T13:16:09+00:00","dateModified":"2022-06-15T16:32:14+00:00","breadcrumb":{"@id":"https:\/\/www.klimaalap.hu\/en\/cookie-policy\/#breadcrumb"},"inLanguage":"en-US","potentialAction":[{"@type":"ReadAction","target":["https:\/\/www.klimaalap.hu\/en\/cookie-policy\/"]}]},{"@type":"BreadcrumbList","@id":"https:\/\/www.klimaalap.hu\/en\/cookie-policy\/#breadcrumb","itemListElement":[{"@type":"ListItem","position":1,"name":"Kezd\u0151lap","item":"https:\/\/www.klimaalap.hu\/en\/"},{"@type":"ListItem","position":2,"name":"Cookie Policy"}]},{"@type":"WebSite","@id":"https:\/\/www.klimaalap.hu\/#website","url":"https:\/\/www.klimaalap.hu\/","name":"K\u00c9K BOLYG\u00d3 - Kl\u00edmaalap","description":"alapkezel\u0151","publisher":{"@id":"https:\/\/www.klimaalap.hu\/#organization"},"potentialAction":[{"@type":"SearchAction","target":{"@type":"EntryPoint","urlTemplate":"https:\/\/www.klimaalap.hu\/?s={search_term_string}"},"query-input":{"@type":"PropertyValueSpecification","valueRequired":true,"valueName":"search_term_string"}}],"inLanguage":"en-US"},{"@type":"Organization","@id":"https:\/\/www.klimaalap.hu\/#organization","name":"K\u00e9k Bolyg\u00f3 T\u0151kealapok","url":"https:\/\/www.klimaalap.hu\/","logo":{"@type":"ImageObject","inLanguage":"en-US","@id":"https:\/\/www.klimaalap.hu\/#\/schema\/logo\/image\/","url":"https:\/\/www.klimaalap.hu\/wp-content\/uploads\/2022\/04\/ujlogo.png","contentUrl":"https:\/\/www.klimaalap.hu\/wp-content\/uploads\/2022\/04\/ujlogo.png","width":400,"height":106,"caption":"K\u00e9k Bolyg\u00f3 T\u0151kealapok"},"image":{"@id":"https:\/\/www.klimaalap.hu\/#\/schema\/logo\/image\/"}}]}},"_links":{"self":[{"href":"https:\/\/www.klimaalap.hu\/en\/wp-json\/wp\/v2\/pages\/513","targetHints":{"allow":["GET"]}}],"collection":[{"href":"https:\/\/www.klimaalap.hu\/en\/wp-json\/wp\/v2\/pages"}],"about":[{"href":"https:\/\/www.klimaalap.hu\/en\/wp-json\/wp\/v2\/types\/page"}],"author":[{"embeddable":true,"href":"https:\/\/www.klimaalap.hu\/en\/wp-json\/wp\/v2\/users\/1"}],"replies":[{"embeddable":true,"href":"https:\/\/www.klimaalap.hu\/en\/wp-json\/wp\/v2\/comments?post=513"}],"version-history":[{"count":3,"href":"https:\/\/www.klimaalap.hu\/en\/wp-json\/wp\/v2\/pages\/513\/revisions"}],"predecessor-version":[{"id":548,"href":"https:\/\/www.klimaalap.hu\/en\/wp-json\/wp\/v2\/pages\/513\/revisions\/548"}],"wp:attachment":[{"href":"https:\/\/www.klimaalap.hu\/en\/wp-json\/wp\/v2\/media?parent=513"}],"curies":[{"name":"wp","href":"https:\/\/api.w.org\/{rel}","templated":true}]}}